{"id":1638,"date":"2024-09-08T14:01:56","date_gmt":"2024-09-08T14:01:56","guid":{"rendered":"https:\/\/www.renkdental.com\/en\/?page_id=1638"},"modified":"2024-09-08T14:01:57","modified_gmt":"2024-09-08T14:01:57","slug":"our-policies","status":"publish","type":"page","link":"https:\/\/www.renkdental.com\/en\/our-policies\/","title":{"rendered":"OUR POLICIES"},"content":{"rendered":"\n<h2 class=\"wp-block-heading\">Occupational Health and Safety<\/h2>\n\n\n\n<p>At Renk Dental, we prioritize the occupational health and safety of our employees. We take all necessary measures in line with legal requirements to provide a safe working environment and continuously improve to minimize risks.<\/p>\n\n\n\n<h2 class=\"wp-block-heading\">Quality<\/h2>\n\n\n\n<p>We follow a quality policy that focuses on customer satisfaction. By utilizing the latest technologies in our production processes, we manufacture reliable dental prosthetics at the highest standards. Our quality management system ensures the continuous improvement of our operations.<\/p>\n\n\n\n<h2 class=\"wp-block-heading\">Information Security<\/h2>\n\n\n\n<p>Information security is critical to the sustainability of our business. We implement information security systems that comply with international standards to protect the confidentiality, integrity, and availability of our data.<\/p>\n\n\n\n<h2 class=\"wp-block-heading\">Human Resources<\/h2>\n\n\n\n<p>We regard our human resources as our most valuable asset and provide various training and career development opportunities to enhance employee growth and satisfaction. We foster an innovative and inclusive work environment to maximize the potential of our employees.<\/p>\n","protected":false},"excerpt":{"rendered":"<p>Occupational Health and Safety At Renk Dental, we prioritize the occupational health and safety of our employees. We take all necessary measures in line with legal requirements to provide a &#8230;<\/p>\n","protected":false},"author":1,"featured_media":0,"parent":0,"menu_order":0,"comment_status":"closed","ping_status":"closed","template":"","meta":{"footnotes":""},"class_list":["post-1638","page","type-page","status-publish","hentry"],"yoast_head":"<!-- This site is optimized with the Yoast SEO plugin v24.8.1 - https:\/\/yoast.com\/wordpress\/plugins\/seo\/ -->\n<title>OUR POLICIES - Renk Dental<\/title>\n<meta name=\"robots\" content=\"index, follow, max-snippet:-1, max-image-preview:large, max-video-preview:-1\" \/>\n<link rel=\"canonical\" href=\"https:\/\/www.renkdental.com\/en\/our-policies\/\" \/>\n<meta property=\"og:locale\" content=\"tr_TR\" \/>\n<meta property=\"og:type\" content=\"article\" \/>\n<meta property=\"og:title\" content=\"OUR POLICIES - Renk Dental\" \/>\n<meta property=\"og:description\" content=\"Occupational Health and Safety At Renk Dental, we prioritize the occupational health and safety of our employees. We take all necessary measures in line with legal requirements to provide a ...\" \/>\n<meta property=\"og:url\" content=\"https:\/\/www.renkdental.com\/en\/our-policies\/\" \/>\n<meta property=\"og:site_name\" content=\"Renk Dental\" \/>\n<meta property=\"article:modified_time\" content=\"2024-09-08T14:01:57+00:00\" \/>\n<meta name=\"twitter:card\" content=\"summary_large_image\" \/>\n<meta name=\"twitter:label1\" content=\"Tahmini okuma s\u00fcresi\" \/>\n\t<meta name=\"twitter:data1\" content=\"1 dakika\" \/>\n<script type=\"application\/ld+json\" class=\"yoast-schema-graph\">{\"@context\":\"https:\/\/schema.org\",\"@graph\":[{\"@type\":\"WebPage\",\"@id\":\"https:\/\/www.renkdental.com\/en\/our-policies\/\",\"url\":\"https:\/\/www.renkdental.com\/en\/our-policies\/\",\"name\":\"OUR POLICIES - Renk Dental\",\"isPartOf\":{\"@id\":\"http:\/\/www.renkdental.com\/en\/#website\"},\"datePublished\":\"2024-09-08T14:01:56+00:00\",\"dateModified\":\"2024-09-08T14:01:57+00:00\",\"breadcrumb\":{\"@id\":\"https:\/\/www.renkdental.com\/en\/our-policies\/#breadcrumb\"},\"inLanguage\":\"tr\",\"potentialAction\":[{\"@type\":\"ReadAction\",\"target\":[\"https:\/\/www.renkdental.com\/en\/our-policies\/\"]}]},{\"@type\":\"BreadcrumbList\",\"@id\":\"https:\/\/www.renkdental.com\/en\/our-policies\/#breadcrumb\",\"itemListElement\":[{\"@type\":\"ListItem\",\"position\":1,\"name\":\"Anasayfa\",\"item\":\"http:\/\/www.renkdental.com\/en\/\"},{\"@type\":\"ListItem\",\"position\":2,\"name\":\"OUR POLICIES\"}]},{\"@type\":\"WebSite\",\"@id\":\"http:\/\/www.renkdental.com\/en\/#website\",\"url\":\"http:\/\/www.renkdental.com\/en\/\",\"name\":\"Renk Dental Di\u015f Protez Laboratuvar\u0131\",\"description\":\"Di\u015f Protez Laboratuvar\u0131\",\"publisher\":{\"@id\":\"http:\/\/www.renkdental.com\/en\/#organization\"},\"potentialAction\":[{\"@type\":\"SearchAction\",\"target\":{\"@type\":\"EntryPoint\",\"urlTemplate\":\"http:\/\/www.renkdental.com\/en\/?s={search_term_string}\"},\"query-input\":{\"@type\":\"PropertyValueSpecification\",\"valueRequired\":true,\"valueName\":\"search_term_string\"}}],\"inLanguage\":\"tr\"},{\"@type\":\"Organization\",\"@id\":\"http:\/\/www.renkdental.com\/en\/#organization\",\"name\":\"Renk Dental Di\u015f Protez Laboratuvar\u0131\",\"url\":\"http:\/\/www.renkdental.com\/en\/\",\"logo\":{\"@type\":\"ImageObject\",\"inLanguage\":\"tr\",\"@id\":\"http:\/\/www.renkdental.com\/en\/#\/schema\/logo\/image\/\",\"url\":\"http:\/\/www.renkdental.com\/en\/wp-content\/uploads\/2024\/02\/renk-dental-dis-protez-laboratuvari-2.jpeg\",\"contentUrl\":\"http:\/\/www.renkdental.com\/en\/wp-content\/uploads\/2024\/02\/renk-dental-dis-protez-laboratuvari-2.jpeg\",\"width\":415,\"height\":127,\"caption\":\"Renk Dental Di\u015f Protez Laboratuvar\u0131\"},\"image\":{\"@id\":\"http:\/\/www.renkdental.com\/en\/#\/schema\/logo\/image\/\"},\"sameAs\":[\"https:\/\/www.instagram.com\/dentalrenk\/\"]}]}<\/script>\n<!-- \/ Yoast SEO plugin. -->","yoast_head_json":{"title":"OUR POLICIES - Renk Dental","robots":{"index":"index","follow":"follow","max-snippet":"max-snippet:-1","max-image-preview":"max-image-preview:large","max-video-preview":"max-video-preview:-1"},"canonical":"https:\/\/www.renkdental.com\/en\/our-policies\/","og_locale":"tr_TR","og_type":"article","og_title":"OUR POLICIES - Renk Dental","og_description":"Occupational Health and Safety At Renk Dental, we prioritize the occupational health and safety of our employees. We take all necessary measures in line with legal requirements to provide a ...","og_url":"https:\/\/www.renkdental.com\/en\/our-policies\/","og_site_name":"Renk Dental","article_modified_time":"2024-09-08T14:01:57+00:00","twitter_card":"summary_large_image","twitter_misc":{"Tahmini okuma s\u00fcresi":"1 dakika"},"schema":{"@context":"https:\/\/schema.org","@graph":[{"@type":"WebPage","@id":"https:\/\/www.renkdental.com\/en\/our-policies\/","url":"https:\/\/www.renkdental.com\/en\/our-policies\/","name":"OUR POLICIES - Renk Dental","isPartOf":{"@id":"http:\/\/www.renkdental.com\/en\/#website"},"datePublished":"2024-09-08T14:01:56+00:00","dateModified":"2024-09-08T14:01:57+00:00","breadcrumb":{"@id":"https:\/\/www.renkdental.com\/en\/our-policies\/#breadcrumb"},"inLanguage":"tr","potentialAction":[{"@type":"ReadAction","target":["https:\/\/www.renkdental.com\/en\/our-policies\/"]}]},{"@type":"BreadcrumbList","@id":"https:\/\/www.renkdental.com\/en\/our-policies\/#breadcrumb","itemListElement":[{"@type":"ListItem","position":1,"name":"Anasayfa","item":"http:\/\/www.renkdental.com\/en\/"},{"@type":"ListItem","position":2,"name":"OUR POLICIES"}]},{"@type":"WebSite","@id":"http:\/\/www.renkdental.com\/en\/#website","url":"http:\/\/www.renkdental.com\/en\/","name":"Renk Dental Di\u015f Protez Laboratuvar\u0131","description":"Di\u015f Protez Laboratuvar\u0131","publisher":{"@id":"http:\/\/www.renkdental.com\/en\/#organization"},"potentialAction":[{"@type":"SearchAction","target":{"@type":"EntryPoint","urlTemplate":"http:\/\/www.renkdental.com\/en\/?s={search_term_string}"},"query-input":{"@type":"PropertyValueSpecification","valueRequired":true,"valueName":"search_term_string"}}],"inLanguage":"tr"},{"@type":"Organization","@id":"http:\/\/www.renkdental.com\/en\/#organization","name":"Renk Dental Di\u015f Protez Laboratuvar\u0131","url":"http:\/\/www.renkdental.com\/en\/","logo":{"@type":"ImageObject","inLanguage":"tr","@id":"http:\/\/www.renkdental.com\/en\/#\/schema\/logo\/image\/","url":"http:\/\/www.renkdental.com\/en\/wp-content\/uploads\/2024\/02\/renk-dental-dis-protez-laboratuvari-2.jpeg","contentUrl":"http:\/\/www.renkdental.com\/en\/wp-content\/uploads\/2024\/02\/renk-dental-dis-protez-laboratuvari-2.jpeg","width":415,"height":127,"caption":"Renk Dental Di\u015f Protez Laboratuvar\u0131"},"image":{"@id":"http:\/\/www.renkdental.com\/en\/#\/schema\/logo\/image\/"},"sameAs":["https:\/\/www.instagram.com\/dentalrenk\/"]}]}},"_links":{"self":[{"href":"https:\/\/www.renkdental.com\/en\/wp-json\/wp\/v2\/pages\/1638","targetHints":{"allow":["GET"]}}],"collection":[{"href":"https:\/\/www.renkdental.com\/en\/wp-json\/wp\/v2\/pages"}],"about":[{"href":"https:\/\/www.renkdental.com\/en\/wp-json\/wp\/v2\/types\/page"}],"author":[{"embeddable":true,"href":"https:\/\/www.renkdental.com\/en\/wp-json\/wp\/v2\/users\/1"}],"replies":[{"embeddable":true,"href":"https:\/\/www.renkdental.com\/en\/wp-json\/wp\/v2\/comments?post=1638"}],"version-history":[{"count":1,"href":"https:\/\/www.renkdental.com\/en\/wp-json\/wp\/v2\/pages\/1638\/revisions"}],"predecessor-version":[{"id":1639,"href":"https:\/\/www.renkdental.com\/en\/wp-json\/wp\/v2\/pages\/1638\/revisions\/1639"}],"wp:attachment":[{"href":"https:\/\/www.renkdental.com\/en\/wp-json\/wp\/v2\/media?parent=1638"}],"curies":[{"name":"wp","href":"https:\/\/api.w.org\/{rel}","templated":true}]}}